{"id":300,"date":"2020-09-15T11:07:12","date_gmt":"2020-09-15T14:07:12","guid":{"rendered":"http:\/\/localhost\/produccion\/plataforma_cotizacion\/?page_id=300"},"modified":"2020-12-05T21:30:14","modified_gmt":"2020-12-06T00:30:14","slug":"inicio","status":"publish","type":"page","link":"https:\/\/imsa-adportas.cl\/cotizacion\/","title":{"rendered":"Inicio"},"content":{"rendered":"","protected":false},"excerpt":{"rendered":"","protected":false},"author":1,"featured_media":0,"parent":0,"menu_order":0,"comment_status":"closed","ping_status":"closed","template":"pag-formulario.php","meta":{"_acf_changed":false},"class_list":["post-300","page","type-page","status-publish","hentry"],"acf":[],"yoast_head":"<!-- This site is optimized with the Yoast SEO plugin v25.6 - https:\/\/yoast.com\/wordpress\/plugins\/seo\/ -->\n<title>Inicio &#8212; Cotizador Online<\/title>\n<meta name=\"description\" content=\"Visualiza informaci\u00f3n de las unidades del proyecto y cotiza en forma f\u00e1cil y r\u00e1pida\" \/>\n<meta name=\"robots\" content=\"noindex, follow, max-snippet:-1, max-image-preview:large, max-video-preview:-1\" \/>\n<meta property=\"og:locale\" content=\"es_ES\" \/>\n<meta property=\"og:type\" content=\"article\" \/>\n<meta property=\"og:title\" content=\"Inicio &#8212; Cotizador Online\" \/>\n<meta property=\"og:description\" content=\"Visualiza informaci\u00f3n de las unidades del proyecto y cotiza en forma f\u00e1cil y r\u00e1pida\" \/>\n<meta property=\"og:url\" content=\"https:\/\/imsa-adportas.cl\/cotizacion\/\" \/>\n<meta property=\"og:site_name\" content=\"Cotizador Online\" \/>\n<meta property=\"article:modified_time\" content=\"2020-12-06T00:30:14+00:00\" \/>\n<meta name=\"twitter:card\" content=\"summary_large_image\" \/>\n<script type=\"application\/ld+json\" class=\"yoast-schema-graph\">{\"@context\":\"https:\/\/schema.org\",\"@graph\":[{\"@type\":\"WebPage\",\"@id\":\"https:\/\/imsa-adportas.cl\/cotizacion\/\",\"url\":\"https:\/\/imsa-adportas.cl\/cotizacion\/\",\"name\":\"Inicio &#8212; Cotizador Online\",\"isPartOf\":{\"@id\":\"https:\/\/imsa-adportas.cl\/cotizacion\/#website\"},\"datePublished\":\"2020-09-15T14:07:12+00:00\",\"dateModified\":\"2020-12-06T00:30:14+00:00\",\"description\":\"Visualiza informaci\u00f3n de las unidades del proyecto y cotiza en forma f\u00e1cil y r\u00e1pida\",\"breadcrumb\":{\"@id\":\"https:\/\/imsa-adportas.cl\/cotizacion\/#breadcrumb\"},\"inLanguage\":\"es\",\"potentialAction\":[{\"@type\":\"ReadAction\",\"target\":[\"https:\/\/imsa-adportas.cl\/cotizacion\/\"]}]},{\"@type\":\"BreadcrumbList\",\"@id\":\"https:\/\/imsa-adportas.cl\/cotizacion\/#breadcrumb\",\"itemListElement\":[{\"@type\":\"ListItem\",\"position\":1,\"name\":\"Portada\",\"item\":\"https:\/\/imsa-adportas.cl\/cotizacion\/\"},{\"@type\":\"ListItem\",\"position\":2,\"name\":\"Inicio\"}]},{\"@type\":\"WebSite\",\"@id\":\"https:\/\/imsa-adportas.cl\/cotizacion\/#website\",\"url\":\"https:\/\/imsa-adportas.cl\/cotizacion\/\",\"name\":\"Cotizador Online\",\"description\":\"Inmobiliaria Imsa\",\"publisher\":{\"@id\":\"https:\/\/imsa-adportas.cl\/cotizacion\/#organization\"},\"potentialAction\":[{\"@type\":\"SearchAction\",\"target\":{\"@type\":\"EntryPoint\",\"urlTemplate\":\"https:\/\/imsa-adportas.cl\/cotizacion\/?s={search_term_string}\"},\"query-input\":{\"@type\":\"PropertyValueSpecification\",\"valueRequired\":true,\"valueName\":\"search_term_string\"}}],\"inLanguage\":\"es\"},{\"@type\":\"Organization\",\"@id\":\"https:\/\/imsa-adportas.cl\/cotizacion\/#organization\",\"name\":\"Inmobiliaria Imsa Adportas\",\"url\":\"https:\/\/imsa-adportas.cl\/cotizacion\/\",\"logo\":{\"@type\":\"ImageObject\",\"inLanguage\":\"es\",\"@id\":\"https:\/\/imsa-adportas.cl\/cotizacion\/#\/schema\/logo\/image\/\",\"url\":\"https:\/\/imsa-adportas.cl\/cotizacion\/wp-content\/uploads\/2020\/08\/logo.jpg\",\"contentUrl\":\"https:\/\/imsa-adportas.cl\/cotizacion\/wp-content\/uploads\/2020\/08\/logo.jpg\",\"width\":400,\"height\":144,\"caption\":\"Inmobiliaria Imsa Adportas\"},\"image\":{\"@id\":\"https:\/\/imsa-adportas.cl\/cotizacion\/#\/schema\/logo\/image\/\"}}]}<\/script>\n<!-- \/ Yoast SEO plugin. -->","yoast_head_json":{"title":"Inicio &#8212; Cotizador Online","description":"Visualiza informaci\u00f3n de las unidades del proyecto y cotiza en forma f\u00e1cil y r\u00e1pida","robots":{"index":"noindex","follow":"follow","max-snippet":"max-snippet:-1","max-image-preview":"max-image-preview:large","max-video-preview":"max-video-preview:-1"},"og_locale":"es_ES","og_type":"article","og_title":"Inicio &#8212; Cotizador Online","og_description":"Visualiza informaci\u00f3n de las unidades del proyecto y cotiza en forma f\u00e1cil y r\u00e1pida","og_url":"https:\/\/imsa-adportas.cl\/cotizacion\/","og_site_name":"Cotizador Online","article_modified_time":"2020-12-06T00:30:14+00:00","twitter_card":"summary_large_image","schema":{"@context":"https:\/\/schema.org","@graph":[{"@type":"WebPage","@id":"https:\/\/imsa-adportas.cl\/cotizacion\/","url":"https:\/\/imsa-adportas.cl\/cotizacion\/","name":"Inicio &#8212; Cotizador Online","isPartOf":{"@id":"https:\/\/imsa-adportas.cl\/cotizacion\/#website"},"datePublished":"2020-09-15T14:07:12+00:00","dateModified":"2020-12-06T00:30:14+00:00","description":"Visualiza informaci\u00f3n de las unidades del proyecto y cotiza en forma f\u00e1cil y r\u00e1pida","breadcrumb":{"@id":"https:\/\/imsa-adportas.cl\/cotizacion\/#breadcrumb"},"inLanguage":"es","potentialAction":[{"@type":"ReadAction","target":["https:\/\/imsa-adportas.cl\/cotizacion\/"]}]},{"@type":"BreadcrumbList","@id":"https:\/\/imsa-adportas.cl\/cotizacion\/#breadcrumb","itemListElement":[{"@type":"ListItem","position":1,"name":"Portada","item":"https:\/\/imsa-adportas.cl\/cotizacion\/"},{"@type":"ListItem","position":2,"name":"Inicio"}]},{"@type":"WebSite","@id":"https:\/\/imsa-adportas.cl\/cotizacion\/#website","url":"https:\/\/imsa-adportas.cl\/cotizacion\/","name":"Cotizador Online","description":"Inmobiliaria Imsa","publisher":{"@id":"https:\/\/imsa-adportas.cl\/cotizacion\/#organization"},"potentialAction":[{"@type":"SearchAction","target":{"@type":"EntryPoint","urlTemplate":"https:\/\/imsa-adportas.cl\/cotizacion\/?s={search_term_string}"},"query-input":{"@type":"PropertyValueSpecification","valueRequired":true,"valueName":"search_term_string"}}],"inLanguage":"es"},{"@type":"Organization","@id":"https:\/\/imsa-adportas.cl\/cotizacion\/#organization","name":"Inmobiliaria Imsa Adportas","url":"https:\/\/imsa-adportas.cl\/cotizacion\/","logo":{"@type":"ImageObject","inLanguage":"es","@id":"https:\/\/imsa-adportas.cl\/cotizacion\/#\/schema\/logo\/image\/","url":"https:\/\/imsa-adportas.cl\/cotizacion\/wp-content\/uploads\/2020\/08\/logo.jpg","contentUrl":"https:\/\/imsa-adportas.cl\/cotizacion\/wp-content\/uploads\/2020\/08\/logo.jpg","width":400,"height":144,"caption":"Inmobiliaria Imsa Adportas"},"image":{"@id":"https:\/\/imsa-adportas.cl\/cotizacion\/#\/schema\/logo\/image\/"}}]}},"_links":{"self":[{"href":"https:\/\/imsa-adportas.cl\/cotizacion\/wp-json\/wp\/v2\/pages\/300"}],"collection":[{"href":"https:\/\/imsa-adportas.cl\/cotizacion\/wp-json\/wp\/v2\/pages"}],"about":[{"href":"https:\/\/imsa-adportas.cl\/cotizacion\/wp-json\/wp\/v2\/types\/page"}],"author":[{"embeddable":true,"href":"https:\/\/imsa-adportas.cl\/cotizacion\/wp-json\/wp\/v2\/users\/1"}],"replies":[{"embeddable":true,"href":"https:\/\/imsa-adportas.cl\/cotizacion\/wp-json\/wp\/v2\/comments?post=300"}],"version-history":[{"count":2,"href":"https:\/\/imsa-adportas.cl\/cotizacion\/wp-json\/wp\/v2\/pages\/300\/revisions"}],"predecessor-version":[{"id":677,"href":"https:\/\/imsa-adportas.cl\/cotizacion\/wp-json\/wp\/v2\/pages\/300\/revisions\/677"}],"wp:attachment":[{"href":"https:\/\/imsa-adportas.cl\/cotizacion\/wp-json\/wp\/v2\/media?parent=300"}],"curies":[{"name":"wp","href":"https:\/\/api.w.org\/{rel}","templated":true}]}}